{"id":1751,"date":"2021-04-20T12:47:30","date_gmt":"2021-04-20T10:47:30","guid":{"rendered":"http:\/\/papaya.oops.jp\/i\/?page_id=1751"},"modified":"2021-05-08T09:53:56","modified_gmt":"2021-05-08T07:53:56","slug":"56b","status":"publish","type":"page","link":"http:\/\/papaya.oops.jp\/i\/56b","title":{"rendered":""},"content":{"rendered":"\n<figure class=\"wp-block-image size-large\"><img loading=\"lazy\" decoding=\"async\" width=\"1024\" height=\"512\" src=\"http:\/\/papaya.oops.jp\/i\/wp-content\/uploads\/2021\/05\/56b1-1-1024x512.jpg\" alt=\"\" class=\"wp-image-1950\" srcset=\"http:\/\/papaya.oops.jp\/i\/wp-content\/uploads\/2021\/05\/56b1-1-1024x512.jpg 1024w, http:\/\/papaya.oops.jp\/i\/wp-content\/uploads\/2021\/05\/56b1-1-300x150.jpg 300w, http:\/\/papaya.oops.jp\/i\/wp-content\/uploads\/2021\/05\/56b1-1-768x384.jpg 768w, http:\/\/papaya.oops.jp\/i\/wp-content\/uploads\/2021\/05\/56b1-1.jpg 1040w\" sizes=\"(max-width: 1024px) 100vw, 1024px\" \/><figcaption><center><small>\u30c1\u30a7\u30b3\u306e\u685c\u4e26\u6728\u3001\u30a4\u30a4\u30b8\u30e3\u30fc\u30af\u306e\u6559\u4f1a\u3078\u306e\u9053\u3002\u64ae\u5f71 \u30dc\u30d5\u30b9\u30e9\u30d5\u30fb\u30b3\u30bf\u30fc\u30eb<\/small><\/center><\/figcaption><\/figure>\n\n\n\n<p>\u30dc\u30d6\u3055\u3093\u306f\u30c1\u30a7\u30b3\u306e\u5199\u771f\u5bb6\u3001\u30a8\u30c7\u30a3\u30bf\u30fc\u3067IT\u30a2\u30c9\u30d0\u30a4\u30b6\u30fc\u3002\u30c1\u30a7\u30b3\u306e\u601d\u3044\u51fa\u3084\u30d7\u30ec\u30bc\u30f3\u30c8\u306b\u30dc\u30d6\u3055\u3093\u306e\u5199\u771f\u306f\u3044\u304b\u304c\u3067\u3059\u304b\uff1f\u984d\u88c5\u3057\u3066\u304a\u6e21\u3057\u3057\u307e\u3059\u3002\u3054\u6ce8\u6587\u306f\u65e5\u672c\u8a9eOK\u3002\u30dc\u30d6\u3055\u3093\u306e\u7f8e\u3057\u3044\u5199\u771f\u304c\u305f\u304f\u3055\u3093\u898b\u3089\u308c\u308b\u30da\u30fc\u30b8\u306f\u3053\u3061\u3089\u3000<a href=\"https:\/\/praha.fotobob.cz\/\">https:\/\/praha.fotobob.cz\/<\/a><\/p>\n\n\n\n<div class=\"wp-block-image\"><figure class=\"aligncenter size-large\"><img loading=\"lazy\" decoding=\"async\" width=\"360\" height=\"20\" src=\"http:\/\/papaya.oops.jp\/i\/wp-content\/uploads\/2020\/05\/sen1.jpg\" alt=\"\" class=\"wp-image-117\" srcset=\"http:\/\/papaya.oops.jp\/i\/wp-content\/uploads\/2020\/05\/sen1.jpg 360w, http:\/\/papaya.oops.jp\/i\/wp-content\/uploads\/2020\/05\/sen1-300x17.jpg 300w\" sizes=\"(max-width: 360px) 100vw, 360px\" \/><\/figure><\/div>\n\n\n\n<p>\u3055\u3066\u2026\u305d\u306e\u30dc\u30d6\u3055\u3093\u306e\u4eca\u6708\u306e\u300c\u77e5\u3063\u3066\u305f\uff1f\u300d\u306f\u2026<\/p>\n\n\n\n<div class=\"balloon\">\n<figure class=\"balloon-image-left\"><img decoding=\"async\" class=\"size-full wp-image-714 alignnone\" src=\"http:\/\/papaya.oops.jp\/18\/wp-content\/uploads\/R_g01.svg\" alt=\"\"><figcaption class=\"balloon-image-description\">\u30dc\u30d6\u3055\u3093<\/figcaption><\/figure>\n<div class=\"balloon-text-right\">\u304a\u663c\u306b\u7518\u3044\u3082\u306e\u3092\u98df\u3079\u3089\u308c\u308b\u30bf\u30a4\u30d7\uff1f<\/div>\n<\/div>\n\n\n\n<div class=\"balloon\">\n<figure class=\"balloon-image-right\"><img decoding=\"async\" class=\"size-full wp-image-715 alignnone\" src=\"http:\/\/papaya.oops.jp\/18\/wp-content\/uploads\/R_k01.svg\" alt=\"\"><figcaption class=\"balloon-image-description\">\u304f\u307e\u30b4\u30ed\u30fc<\/figcaption><\/figure>\n<div class=\"balloon-text-left\">\u3046\u3093\u3002\u30b3\u30f3\u30d3\u30cb\u306e\u3042\u3093\u307e\u3093\u3067\u304a\u663c\u3057\u3061\u3083\u3048\u308b\u30bf\u30a4\u30d7<\/div>\n<\/div>\n\n\n\n<div class=\"balloon\">\n<figure class=\"balloon-image-left\"><img decoding=\"async\" class=\"size-full wp-image-714 alignnone\" src=\"http:\/\/papaya.oops.jp\/18\/wp-content\/uploads\/R_g01.svg\" alt=\"\"><figcaption class=\"balloon-image-description\">\u30dc\u30d6\u3055\u3093<\/figcaption><\/figure>\n<div class=\"balloon-text-right\">\u305d\u3046\uff01\u3088\u304b\u3063\u305f<\/div>\n<\/div>\n\n\n\n<figure class=\"wp-block-image size-large is-resized is-style-default\"><img loading=\"lazy\" decoding=\"async\" src=\"http:\/\/papaya.oops.jp\/i\/wp-content\/uploads\/2021\/05\/56b2-1024x512.jpg\" alt=\"\" class=\"wp-image-1905\" width=\"1024\" height=\"512\" srcset=\"http:\/\/papaya.oops.jp\/i\/wp-content\/uploads\/2021\/05\/56b2-1024x512.jpg 1024w, http:\/\/papaya.oops.jp\/i\/wp-content\/uploads\/2021\/05\/56b2-300x150.jpg 300w, http:\/\/papaya.oops.jp\/i\/wp-content\/uploads\/2021\/05\/56b2-768x384.jpg 768w, http:\/\/papaya.oops.jp\/i\/wp-content\/uploads\/2021\/05\/56b2.jpg 1040w\" sizes=\"(max-width: 1024px) 100vw, 1024px\" \/><figcaption><center><small>\u30dc\u30d6\u3055\u3093\u4f5c \u30aa\u30f4\u30a9\u30c4\u30cd\u30fc\u30af\u30cd\u30c9\u30ea\u30fc\u30ad<\/small><\/center><\/figcaption><\/figure>\n\n\n\n<p class=\"has-text-color\" style=\"color:#016d9b\">Jednou zvl\u00e1\u0161tnost\u00ed \u010desk\u00e9 kuchyn\u011b jsou sladk\u00e9 ob\u011bdy. Dnes si pop\u00ed\u0161eme ovocn\u00e9 knedl\u00edky, kter\u00e9 jsou b\u011b\u017en\u011b serv\u00edrov\u00e1ny jako ob\u011bd, ale mohou poslou\u017eit stejn\u011b dob\u0159e jako dezert. Jejich zlat\u00e1 sez\u00f3na p\u0159ich\u00e1z\u00ed s \u010derstv\u00fdm sez\u00f3nn\u00edm ovocem, ze kter\u00e9ho jsou chu\u0165ov\u011b nejlep\u0161\u00ed. \u00dapln\u011b top varianty jsou jahodov\u00e9 a bor\u016fvkov\u00e9, ale d\u00e1 se \u0159\u00edci, \u017ee fantazii se meze nekladou a ka\u017ed\u00fd m\u016f\u017ee m\u00edt sv\u00e9 obl\u00edben\u00e9. D\u016fle\u017eit\u00e9 je tak\u00e9 v\u011bd\u011bt, \u017ee existuj\u00ed dva z\u00e1kladn\u00ed druhy, kynut\u00e9 (podobn\u00e9 t\u011bsto jako anman) a tvarohov\u00e9. Serv\u00edrov\u00e1n\u00ed je vlastn\u011b stejn\u00e9, ale knedl\u00edky pochopiteln\u011b chutnaj\u00ed jinak. <br>Proto\u017ee je kv\u011bten a bl\u00ed\u017e\u00ed se pomalu sez\u00f3na prvn\u00edch jahod, na kter\u00e9 se u\u017e sb\u00edhaj\u00ed sliny, pov\u00edme si jak na tvarohov\u00e9 knedl\u00edky, kter\u00e9 jsou velmi jednoduch\u00e9. Zde je recept od Boba. <\/p>\n\n\n\n<p>\u3053\u306e\u6642\u671f\u9650\u5b9a\u3067\u3001\u30ec\u30b9\u30c8\u30e9\u30f3\u3067\u7518\u3044\u304a\u663c\u306e\u30e1\u30cb\u30e5\u30fc\u3068\u3057\u3066\u767b\u5834\u3059\u308b\u679c\u7269\u306e\u30af\u30cd\u30c9\u30ea\u30fc\u30ad\u3002\u4e2d\u8eab\u306f\u3044\u3061\u3054\u3084\u30d6\u30eb\u30fc\u30d9\u30ea\u30fc\u304c\u4ee3\u8868\u683c\u3060\u3051\u3069\u3001\u65ec\u306e\u679c\u7269\u3067\u4f5c\u308c\u3070\u304d\u3063\u3068\u306a\u3093\u3060\u3063\u3066\u7f8e\u5473\u3057\u3044\u306d\u3002\u751f\u5730\u306f\u65e5\u672c\u306e\u3042\u3093\u307e\u3093\u306b\u4f3c\u305f\u767a\u9175\u3055\u305b\u305f\u3082\u306e\u3068\u3001\u30d5\u30ec\u30c3\u30b7\u30e5\u30c1\u30fc\u30ba\u306e\u30c8\u30f4\u30a1\u30ed\u30d5\u3092\u4f7f\u3046\u4e8c\u7a2e\u985e\u304c\u3042\u3063\u3066\u3001\u5473\u3082\u304b\u306a\u308a\u9055\u3046\u3002\u305d\u308d\u305d\u308d\u3044\u3061\u3054\u306e\u65ec\u304c\u6765\u308b\u304b\u3089\u3001\u30dc\u30af\u306e\u5bb6\u65cf\u306e<strong>\u30c8\u30f4\u30a1\u30ed\u30d5\u751f\u5730\u306e\u3044\u3061\u3054\u306e\u30af\u30cd\u30c9\u30ea\u30fc\u30ad<\/strong>\u3092\u7d39\u4ecb\u3059\u308b\u306d\u3002\u307e\u305a\u306f\u6750\u6599<\/p>\n\n\n\n<figure class=\"wp-block-image size-large is-resized\"><img loading=\"lazy\" decoding=\"async\" src=\"http:\/\/papaya.oops.jp\/i\/wp-content\/uploads\/2021\/05\/56b5-1024x256.jpg\" alt=\"\" class=\"wp-image-1926\" width=\"1024\" height=\"256\" srcset=\"http:\/\/papaya.oops.jp\/i\/wp-content\/uploads\/2021\/05\/56b5-1024x256.jpg 1024w, http:\/\/papaya.oops.jp\/i\/wp-content\/uploads\/2021\/05\/56b5-300x75.jpg 300w, http:\/\/papaya.oops.jp\/i\/wp-content\/uploads\/2021\/05\/56b5-768x192.jpg 768w, http:\/\/papaya.oops.jp\/i\/wp-content\/uploads\/2021\/05\/56b5.jpg 1040w\" sizes=\"(max-width: 1024px) 100vw, 1024px\" \/><\/figure>\n\n\n\n<table width=\"\" border=\"0\" cellpadding=\"10\" bordercolor=\"\">\n<tbody><tr>\n<td valign=\"top\" width=\"\" bgcolor=\"\"><small>\n<p class=\"has-text-color\" style=\"color:#12455a\"><b>Tvarohov\u00e9 knedl\u00edky s jahodami<\/b><br>\nJahody (\u010di jin\u00e9 ovoce) <br>\nTvaroh plnotu\u010dn\u00fd (v\u011bt\u0161inou \u010derven\u00fd)<br>\nTvrd\u00fd tvaroh na strouh\u00e1n\u00ed (lze nahradit m\u011bkk\u00fdm, pokud tvrd\u00fd nen\u00ed) <br>\nVejce, Hrub\u00e1 mouka, S\u016fl, M\u00e1slo, Mou\u010dkov\u00fd cukr<br><br>\nTvaroh na t\u011bsto je pot\u0159eba s tu\u017e\u0161\u00ed konzistenc\u00ed (obecn\u011b existuj\u00ed 4 typy)! Pokud nakupujeme ve v\u00fdb\u011brov\u00e9m obchod\u011b jako \u201eGran Moravia\u201c apod. tak hrdkuj\u00edc\u00ed, pokud v supermarketu, tak zabalen\u00fd podobn\u011b jako m\u00e1slo do 250 g kv\u00e1d\u0159\u00edku v alobalu. Obal tvarohu je na omak vlhk\u00fd a m\u011bkk\u00fd, ur\u010dit\u011b jej dejte do PET s\u00e1\u010dku, proto\u017ee je b\u011b\u017en\u00e9, \u017ee z tvarohu vyt\u00e9k\u00e1 syrov\u00e1tka. \n<\/p><\/small><\/td><\/tr><tr>\n<td valign=\"top\" width=\"\" bgcolor=\"\"><small>\n<b>\u3044\u3061\u3054\u306e\u30af\u30cd\u30c9\u30ea\u30fc\u30ad(\u30c8\u30f4\u30a1\u30ed\u30d5\u751f\u5730)\u6750\u6599<\/b><br>\n\u3044\u3061\u3054\u3000\u6d17\u3063\u3066\u30d8\u30bf\u3092\u53d6\u308a\u4e7e\u304b\u3057\u3066\u304a\u304f<br>\n\u67d4\u3089\u304b\u3044\u30c8\u30f4\u30a1\u30ed\u30d5 \u203b1<br>\n\u56fa\u3044\u30c8\u30f4\u30a1\u30ed\u30d5 \u203b2<br>\n\u5375\uff11\u500b\u3001Hrub\u00e1\u7c89 \u203b3\u3001\u5869\u3001\u30d0\u30bf\u30fc\u3001\u7c89\u7802\u7cd6<br><br>\n\u203b1 \u8fb2\u5bb6\u306e\u5e02\u5834\u3084Gran Moravia\u7b49\u306e\u30c1\u30fc\u30ba\u5c02\u9580\u5e97\u306f\u30d7\u30e9\u30b9\u30c6\u30a3\u30c3\u30af\u5bb9\u5668\u306b\u5165\u3063\u3066\u3044\u3066\u3002\u30b9\u30fc\u30d1\u30fc\u3067\u306f\u30d0\u30bf\u30fc\u307f\u305f\u3044\u306b\u56db\u89d2\u304f\u5305\u307e\u308c\u3066\u3044\u3066\u5468\u308a\u304c\u6fe1\u308c\u3066\u3044\u308b\u304b\u3089\u3001\u8cb7\u3046\u6642\u306b\u888b\u304c\u3044\u308b\u306d\u3002\u203b2 \u56fa\u3044\u30c8\u30f4\u30a1\u30ed\u30d5\u306f\u3059\u308a\u304a\u308d\u3057\u5b89\u3044\u69d8\u306b\u4e09\u89d2\u306e\u3082\u3042\u308b\u3002\u4eca\u56de\u306f\u30aa\u30ec\u30f3\u30b8\u8272\u306e\u3092\u4f7f\u3046\u3088\u3002\u203b3 \u8d64\u306e\u30d1\u30c3\u30b1\u30fc\u30b8\u306e\u30d5\u30eb\u30d0\u30fc\u7c89<br><\/small><\/td><\/tr><\/tbody><\/table>\n\n\n\n<div class=\"balloon\">\n<figure class=\"balloon-image-right\"><img decoding=\"async\" class=\"size-full wp-image-715 alignnone\" src=\"http:\/\/papaya.oops.jp\/18\/wp-content\/uploads\/R_k01.svg\" alt=\"\"><figcaption class=\"balloon-image-description\">\u304f\u307e\u30b4\u30ed\u30fc<\/figcaption><\/figure>\n<div class=\"balloon-text-left\">\u3042\u308c\u3048\uff1f\u4f55\u30b0\u30e9\u30e0\u3068\u304b\u306f\u306a\u3044\u306e\uff1f<\/div>\n<\/div>\n\n\n\n<p class=\"has-text-color\" style=\"color:#016d9b\">Na t\u011bsto se nehod\u00ed tvaroh v plastov\u00e9 vani\u010dce, ten je jemn\u00fd a \u0159\u00eddk\u00fd a ud\u011blat z n\u011bj t\u011bsto by bylo krajn\u011b nesnadn\u00e9. Recept nen\u00ed na gramy, je \u201ena cit\u201c jak m\u011b to za mlada nau\u010dila maminka, d\u016fvodem je r\u016fzn\u00e1 vlhkost tvaroh\u016f, velikost vajec i velikost ovoce. <\/p>\n\n\n\n<p>\u5375\u306e\u5927\u304d\u3055\u3001\u3044\u3061\u3054\u306e\u91cf\u3001\u307e\u305f\u30c8\u30f4\u30a1\u30ed\u30d5\u306f\u3059\u3054\u304f\u67d4\u3089\u304b\u3044\u6642\u3082\u3042\u308b\u304b\u3089(\u30d7\u30e9\u30b9\u30c6\u30a3\u30c3\u30af\u306e\u5bb9\u5668\u306b\u5165\u3063\u3066\u58f2\u3089\u308c\u3066\u3044\u308b\u306e\u306f\u3059\u3054\u304f\u67d4\u3089\u304b\u3044\u50be\u5411)\u3001\u7c89\u306e\u91cf\u306f\u305d\u308c\u3089\u306e\u6761\u4ef6\u306b\u3088\u3063\u3066\u5909\u5316\u3059\u308b\u3088\u306d\uff1f\u3060\u304b\u3089\u300c<strong>\u52d8\u3092\u4f7f\u3063\u3066<\/strong>\u300d\u3063\u3066\u3001\u30dc\u30af\u306e\u304a\u6bcd\u3055\u3093\u304c\u6559\u3048\u3066\u304f\u308c\u305f\u3093\u3060\u3002\u307e\u305a\u306f<br>\u2460 \u67d4\u3089\u304b\u3044\u30c8\u30f4\u30a1\u30ed\u30d5\u3092\u30dc\u30fc\u30eb\u306b\u5165\u308c\u3066\u3001\u5375\u3001\u5869\u3072\u3068\u3064\u307e\u307f\u3092\u5165\u308c\u3066\u8efd\u304f\u6df7\u305c\u3088\u3046\u3002\u5f8c\u306f\u52d8\u3092\u4f7f\u3063\u3066\u3001Hrub\u00e1\u7c89\u3092\u632f\u308a\u5165\u308c\u3066\u306f\u6df7\u305c\u3001\u30d9\u30bf\u30d9\u30bf\u3057\u904e\u304e\u308b\u3088\u3046\u306a\u3089\u7c89\u3092\u8ffd\u52a0\u3057\u3064\u3064\u3001\u4e38\u3081\u3084\u3059\u3044\u4f4d\u306e\u786c\u3055\u306b\u3059\u308b\u3002<br>\u2461 \u53f0\u306b\u7c89\u3092\u6577\u3044\u3066\u3001\u305d\u306e\u4e0a\u3067\u751f\u5730\u3092\u76f4\u5f84\uff15\u339d\u4f4d\u306e\u9577\u3044\u68d2\u72b6\u306b\u306a\u308b\u3088\u3046\u306b\u30b4\u30ed\u30b4\u30ed\u3057\u3088\u3046\u3002<\/p>\n\n\n\n<p class=\"has-text-color\" style=\"color:#016d9b\">P\u0159\u00edprava: <br>&#8211; do m\u00edsy d\u00e1me cel\u00fd tvaroh <br>&#8211; rozbijeme cel\u00e9 vejce a p\u0159id\u00e1me <br>&#8211; d\u00e1me \u0161petku soli (jako do dezert\u016f, nesm\u00ed b\u00fdt slan\u00e9) <br>&#8211; zam\u00edch\u00e1me, nemus\u00ed b\u00fdt perfektn\u00ed <br>&#8211; p\u0159isypeme hrubou mouku (v\u011bt\u0161\u00ed hrst) a m\u00edch\u00e1me, pokud mo\u017eno ru\u010dn\u011b <br>&#8211; po\u0159\u00e1d p\u0159id\u00e1v\u00e1me hrubou mouku a m\u00edch\u00e1me dokud se t\u011bsto nep\u0159estane siln\u011b lepit <br>&#8211; m\u00edrn\u011b lepiv\u00e9 t\u011bsto je spr\u00e1vn\u00e9 <br>Na plochu nasypeme hrubou mouku jako podklad. T\u011bsto na mouce vyv\u00e1l\u00edme do dlouh\u00e9ho v\u00e1le\u010dku cca 5 cm v pr\u016fm\u011bru. <\/p>\n\n\n\n<figure class=\"wp-block-image size-large is-resized is-style-rounded\"><img loading=\"lazy\" decoding=\"async\" src=\"http:\/\/papaya.oops.jp\/i\/wp-content\/uploads\/2021\/05\/56b3-1024x512.jpg\" alt=\"\" class=\"wp-image-1909\" width=\"1024\" height=\"512\" srcset=\"http:\/\/papaya.oops.jp\/i\/wp-content\/uploads\/2021\/05\/56b3-1024x512.jpg 1024w, http:\/\/papaya.oops.jp\/i\/wp-content\/uploads\/2021\/05\/56b3-300x150.jpg 300w, http:\/\/papaya.oops.jp\/i\/wp-content\/uploads\/2021\/05\/56b3-768x384.jpg 768w, http:\/\/papaya.oops.jp\/i\/wp-content\/uploads\/2021\/05\/56b3.jpg 1040w\" sizes=\"(max-width: 1024px) 100vw, 1024px\" \/><figcaption><center><small>\u8fb2\u5bb6\u3055\u3093\u304c\u76f4\u63a5\u904b\u3093\u3067\u304f\u308b\u5730\u7269\u306e\u65ec\u306f\u4e94\u6708\u306e\u5f8c\u534a\u3002\u5f62\u306f\u307e\u3061\u307e\u3061\u3067\u3001\u9a5a\u304f\u7a0b\u7f8e\u5473\u3057\u3044<\/small><\/center><\/figcaption><\/figure>\n\n\n\n<p class=\"has-text-color\" style=\"color:#016d9b\">Umyjeme a osu\u0161\u00edme jahody <br>Z v\u00e1le\u010dku odkrajujeme d\u00edlky (cca 4 &#8211; 5 cm), z\u00e1le\u017e\u00ed na velikost jahod. D\u00edlek rozm\u00e1\u010dkneme do placky a jahodu zabal\u00edme do kuli\u010dky t\u011bsta. D\u016fle\u017eit\u00e9 je uzav\u0159\u00edt ji dokonale, aby se voda nedostala k jahod\u011b! Kdy\u017e se moc lep\u00ed na ruce pov\u00e1l\u00edme v mouce. Jin\u00e9 nepravidelnosti nevad\u00ed. Trochu lepiv\u00e9 t\u011bsto je nutn\u00e9, aby se poda\u0159ilo jahodu uzav\u0159\u00edt. <\/p>\n\n\n\n<p>\u2462 \u3044\u3061\u3054\u306e\u5927\u304d\u3055\u306b\u5fdc\u3058\u3066\u3001\u68d2\u72b6\u306e\u751f\u5730\u304b\u3089\u3044\u3061\u3054\u304c\u5341\u5206\u306b\u5305\u3081\u305d\u3046\u306a\u4f4d\u3092\u5207\u3063\u3066\u3002\u30da\u30c3\u30bf\u30f3\u30b3\u306b\u4f38\u3070\u3057\u3001\u3044\u3061\u3054\u3092\u5916\u304b\u3089\u898b\u3048\u306a\u3044\u3088\u3046\u306b\u5305\u307f\u3001<strong>\u3057\u3063\u304b\u308a\u3068\u9589\u3058\u308b<\/strong>\u3002\u3042\u3093\u307e\u308a\u624b\u306b\u3064\u304f\u3088\u3046\u306a\u3089Hrub\u00e1\u7c89\u3092\u307e\u3076\u3057\u3064\u3064\u3082\u3001\u9589\u3058\u76ee\u306f\u3061\u3087\u3063\u3068\u7c98\u308a\u6c17\u304c\u3042\u308b\u4f4d\u304c\u9589\u3058\u3084\u3059\u3044\u306d\u3002<\/p>\n\n\n\n<p class=\"has-text-color\" style=\"color:#016d9b\">Do v\u011bt\u0161\u00edho hrnce d\u00e1me va\u0159it vodu (bez soli). Knedl\u00edky d\u00e1me opatrn\u011b do va\u0159\u00edc\u00ed vody a va\u0159\u00edme cca 5 min (del\u0161\u00ed by rozva\u0159ilo jahodu). Po t\u00e9 knedl\u00edky vylov\u00edme s\u00edtkem nebo d\u011brovanou nab\u011bra\u010dkou, nech\u00e1me odkapat a d\u00e1me na tal\u00ed\u0159. <\/p>\n\n\n\n<p>\u2463 \u5927\u304d\u306a\u304a\u934b\u306b\u304a\u6e6f\u3092\u6cb8\u304b\u3057\u3001\u304a\u56e3\u5b50\u3092\u305d\u3063\u3068\u5165\u308c\u3001\u7d04\uff15\u5206\u4f4d\u8339\u3067\u308b\u3002\u3053\u308c\u3082\u3044\u3061\u3054\u306e\u5927\u304d\u3055\u6b21\u7b2c\u3067\u5206\u6570\u3092\u52a0\u6e1b\u3002\u53d6\u308a\u51fa\u3057\u3066\u304a\u6e6f\u3092\u5207\u308b\u3002(\u7a74\u304c\u958b\u3044\u3066\u3044\u308b\u304a\u7389\u304c\u3042\u308c\u3070\u3044\u3044\u306d)<\/p>\n\n\n\n<p class=\"has-text-color\" style=\"color:#016d9b\">B\u011bhem va\u0159en\u00ed rozpust\u00edme trochu m\u00e1sla (cca v\u011bt\u0161\u00ed pol\u00e9vkovou l\u017e\u00edci) &#8211; neva\u0159it jen opatrn\u011b rozpustit. Nastrouh\u00e1me tak\u00e9 hrom\u00e1dku tvrd\u00e9ho tvarohu na hrub\u00e9m struhadle (na okurky atp.). Jde pou\u017e\u00edt i tvaroh m\u011bkk\u00fd, pokud nem\u00e1me tvrd\u00fd. <\/p>\n\n\n\n<p>\u2464 \u8339\u3067\u4e0a\u304c\u308a\u3092\u5f85\u3064\u9593\u3002\u30d0\u30bf\u30fc\u5927\u3055\u3058\uff11\u7a0b\u5ea6\u3092\u6eb6\u304b\u3057\u30d0\u30bf\u30fc\u306b\u3057\u3002\u304a\u308d\u3057\u91d1\u306e\u7c97\u3044\u9762\u3067\u3001\u56fa\u3044\u30c8\u30f4\u30a1\u30ed\u30d5\u3092\u3059\u308a\u304a\u308d\u3057\u3066\u304a\u304f\u3002<\/p>\n\n\n\n<p class=\"has-text-color\" style=\"color:#016d9b\">Knedl\u00edky na tal\u00ed\u0159i posypeme vydatn\u011b nastrouhan\u00fdm tvarohem, posypeme mo\u010dov\u00fdm cukrem podle chuti (min men\u0161\u00ed l\u017ei\u010dka) a zalijeme rozpu\u0161t\u011bn\u00fdm m\u00e1slem. <\/p>\n\n\n\n<p>\u2465 \u5e73\u305f\u3044\u5927\u304d\u76ee\u306e\u304a\u76bf\u306b\u8339\u3067\u4e0a\u304c\u3063\u305f\u30af\u30cd\u30c9\u30ea\u30fc\u30ad\u3092\u4e26\u3079\u3001\u304a\u308d\u3057\u305f\u30c8\u30f4\u30a1\u30ed\u30d5\u3092\u305f\u3063\u3077\u308a\u306e\u305b\u3001\u7c89\u7802\u7cd6\u3092\u3075\u308a\u3001\u6eb6\u304b\u3057\u30d0\u30bf\u30fc\u3092\u304b\u3051\u308c\u3070\u2026<\/p>\n\n\n\n<figure class=\"wp-block-image size-large is-resized\"><img loading=\"lazy\" decoding=\"async\" src=\"http:\/\/papaya.oops.jp\/i\/wp-content\/uploads\/2021\/05\/56b4-1024x512.jpg\" alt=\"\" class=\"wp-image-1917\" width=\"1024\" height=\"512\" srcset=\"http:\/\/papaya.oops.jp\/i\/wp-content\/uploads\/2021\/05\/56b4-1024x512.jpg 1024w, http:\/\/papaya.oops.jp\/i\/wp-content\/uploads\/2021\/05\/56b4-300x150.jpg 300w, http:\/\/papaya.oops.jp\/i\/wp-content\/uploads\/2021\/05\/56b4-768x384.jpg 768w, http:\/\/papaya.oops.jp\/i\/wp-content\/uploads\/2021\/05\/56b4.jpg 1040w\" sizes=\"(max-width: 1024px) 100vw, 1024px\" \/><\/figure>\n\n\n\n<div class=\"balloon\">\n<figure class=\"balloon-image-left\"><img decoding=\"async\" class=\"size-full wp-image-714 alignnone\" src=\"http:\/\/papaya.oops.jp\/18\/wp-content\/uploads\/R_g01.svg\" alt=\"\"><figcaption class=\"balloon-image-description\">\u30dc\u30d6\u3055\u3093<\/figcaption><\/figure>\n<div class=\"balloon-text-right\">To je v\u0161e, dobrou chu\u0165.<\/div>\n<\/div>\n\n\n\n<p class=\"has-text-color\" style=\"color:#016d9b\">Tvarohov\u00e9 knedl\u00edky lze p\u0159ipravit asi s jak\u00fdmkoliv ovocem, nicm\u00e9n\u011b je\u0161t\u011b jedna varianta je mimo\u0159\u00e1dn\u011b skv\u011bl\u00e1 kombinace a to jsou jablka (to zle i v zim\u011b, kdy nen\u00ed sez\u00f3na \u010derstv\u00e9ho a sladk\u00e9ho ovoce). P\u0159\u00edprava je \u00fapln\u011b stejn\u00e1 jako v p\u0159\u00edpad\u011b jahod, jen je t\u0159eba jablko bez slupky a j\u00e1dra nakr\u00e1jet na kosti\u010dky (cca 3&#215;3 cm), obalit v cukru se sko\u0159ic\u00ed a knedl\u00edky va\u0159it malinko d\u00e9le (cca 7 &#8211; 8 min), proto\u017ee jablka jsou tvrd\u0161\u00ed.<\/p>\n\n\n\n<p>\u300c\u5b8c\u6210\uff01\u3055\u3042\u3001\u53ec\u3057\u4e0a\u304c\u308c\u300d<br>\u3082\u3057\u56fa\u3044\u30c8\u30f4\u30a1\u30ed\u30d5\u304c\u898b\u3064\u304b\u3089\u306a\u304b\u3063\u305f\u3089(\u3044\u3061\u3054\u306e\u65ec\u306b\u306f\u58f2\u308a\u5207\u308c\u308b\u3053\u3068\u3082)\u3001\u67d4\u3089\u304b\u3044\u30c8\u30f4\u30a1\u30ed\u30d5\u3092\u6563\u3089\u3057\u3066\u3082\u3044\u3044\u3002\u305d\u308c\u304b\u3089\u307e\u3060\u3044\u3061\u3054\u306e\u5b63\u7bc0\u3067\u306a\u3044\u306a\u3089\u3001\u30ea\u30f3\u30b4\u3067\u3082\u4f5c\u3063\u3066\u3082\u3046\u307e\u3044\u3002\u305d\u306e\u5834\u5408\u306f\u30ea\u30f3\u30b4\u30923\u30bb\u30f3\u30c1\u4f4d\u89d2\u306e\u30b5\u30a4\u30b3\u30ed\u72b6\u306b\u76ae\u3054\u3068\u5207\u3063\u3066\u3001\u30b7\u30ca\u30e2\u30f3\u3068\u7802\u7cd6\u3092\u307e\u3076\u3057\u3066\u5f8c\u306f\u540c\u69d8\u306b\u3002\u30ea\u30f3\u30b4\u306f\u56fa\u3044\u306e\u3067\u8339\u3067\u6642\u9593\u3092\u591a\u5c11\u9577\u304f\u3057\u305f\u65b9\u304c\u3044\u3044\u304b\u306a\uff1f(\u8a18\u4e8b \u30dc\u30d5\u30b9\u30e9\u30d5\u30b3\u30bf\u30fc\u30eb \/ \u6982\u8981\u8a33\u3086\u307f\u3053)<\/p>\n\n\n\n<p>\u30dc\u30d6\u3055\u3093\u306e\u5199\u771f\u306f\u3053\u3061\u3089 <a href=\"https:\/\/praha.fotobob.cz\/\"><strong>praha.fotobob.cz<\/strong><\/a>\u3000\u8a18\u4e8b\u304c\u6c17\u306b\u5165\u3063\u305f\u3089\u3044\u3044\u306d&#x2764;&#xfe0f;  <\/p>\n","protected":false},"excerpt":{"rendered":"<p>\u30dc\u30d6\u3055\u3093\u306f\u30c1\u30a7\u30b3\u306e\u5199\u771f\u5bb6\u3001\u30a8\u30c7\u30a3\u30bf\u30fc\u3067IT\u30a2\u30c9\u30d0\u30a4\u30b6\u30fc\u3002\u30c1\u30a7\u30b3\u306e\u601d\u3044\u51fa\u3084\u30d7\u30ec\u30bc\u30f3\u30c8\u306b\u30dc\u30d6\u3055\u3093\u306e\u5199\u771f\u306f<a class=\"more-link\" href=\"http:\/\/papaya.oops.jp\/i\/56b\">[\u7d9a\u304d\u3092\u8aad\u3080]<\/a><\/p>\n","protected":false},"author":1,"featured_media":0,"parent":0,"menu_order":0,"comment_status":"closed","ping_status":"closed","template":"","meta":{"footnotes":""},"_links":{"self":[{"href":"http:\/\/papaya.oops.jp\/i\/wp-json\/wp\/v2\/pages\/1751"}],"collection":[{"href":"http:\/\/papaya.oops.jp\/i\/wp-json\/wp\/v2\/pages"}],"about":[{"href":"http:\/\/papaya.oops.jp\/i\/wp-json\/wp\/v2\/types\/page"}],"author":[{"embeddable":true,"href":"http:\/\/papaya.oops.jp\/i\/wp-json\/wp\/v2\/users\/1"}],"replies":[{"embeddable":true,"href":"http:\/\/papaya.oops.jp\/i\/wp-json\/wp\/v2\/comments?post=1751"}],"version-history":[{"count":41,"href":"http:\/\/papaya.oops.jp\/i\/wp-json\/wp\/v2\/pages\/1751\/revisions"}],"predecessor-version":[{"id":1951,"href":"http:\/\/papaya.oops.jp\/i\/wp-json\/wp\/v2\/pages\/1751\/revisions\/1951"}],"wp:attachment":[{"href":"http:\/\/papaya.oops.jp\/i\/wp-json\/wp\/v2\/media?parent=1751"}],"curies":[{"name":"wp","href":"https:\/\/api.w.org\/{rel}","templated":true}]}}