{"id":2017,"date":"2021-05-20T17:34:47","date_gmt":"2021-05-20T15:34:47","guid":{"rendered":"http:\/\/papaya.oops.jp\/i\/?page_id=2017"},"modified":"2021-05-26T18:11:34","modified_gmt":"2021-05-26T16:11:34","slug":"57f","status":"publish","type":"page","link":"http:\/\/papaya.oops.jp\/i\/57f","title":{"rendered":""},"content":{"rendered":"\n<div class=\"balloon\">\n<figure class=\"balloon-image-left\"><img decoding=\"async\" class=\"size-full wp-image-714 alignnone\" src=\"http:\/\/papaya.oops.jp\/18\/wp-content\/uploads\/hr.svg\" alt=\"\"><figcaption class=\"balloon-image-description\">\u3072\u308d\u3061\u3083\u3093\u306e<\/figcaption><\/figure>\n<div class=\"balloon-text-right\"><b>\u65ec\u306e\u30eb\u30d0\u30fc\u30d6\u3092\u4f7f\u3063\u3066<\/b><\/div>\n<\/div>\n\n\n\n<figure class=\"wp-block-image size-large is-resized is-style-rounded\"><img loading=\"lazy\" decoding=\"async\" src=\"http:\/\/papaya.oops.jp\/i\/wp-content\/uploads\/2021\/05\/57f1-1024x512.jpg\" alt=\"\" class=\"wp-image-2019\" width=\"1024\" height=\"512\" srcset=\"http:\/\/papaya.oops.jp\/i\/wp-content\/uploads\/2021\/05\/57f1-1024x512.jpg 1024w, http:\/\/papaya.oops.jp\/i\/wp-content\/uploads\/2021\/05\/57f1-300x150.jpg 300w, http:\/\/papaya.oops.jp\/i\/wp-content\/uploads\/2021\/05\/57f1-768x384.jpg 768w, http:\/\/papaya.oops.jp\/i\/wp-content\/uploads\/2021\/05\/57f1.jpg 1040w\" sizes=\"(max-width: 1024px) 100vw, 1024px\" \/><figcaption><center><small>\u30eb\u30d0\u30fc\u30d6\u306e\u30af\u30e9\u30f3\u30d6\u30eb\u30b1\u30fc\u30ad\u3092\u3054\u7d39\u4ecb<\/small><\/center><\/figcaption><\/figure>\n\n\n\n<p>\u30b9\u30fc\u30d1\u30fc\u3084\u30de\u30fc\u30b1\u30c3\u30c8\u3067\u898b\u304b\u3051\u308b\u30eb\u30d0\u30fc\u30d6\u3002\u7f8e\u5473\u3057\u304f\u98df\u3079\u3089\u308c\u308b\u306e\u306f\u3001\u3061\u3087\u3046\u3069\u3053\u306e\u6642\u671f\uff01\u306a\u304b\u306a\u304b\u65e5\u672c\u3067\u306f\u898b\u304b\u3051\u307e\u305b\u3093\u304c\u3001\u6804\u990a\u305f\u3063\u3077\u308a\u306a\u304a\u91ce\u83dc\u306a\u3093\u3067\u3059\u3063\u3066\u3002\u8449\u9178\u3084\u9244\u3001\u305f\u3093\u3071\u304f\u8cea\u3001\u98df\u7269\u7e4a\u7dad\u3001\u30d3\u30bf\u30df\u30f3E, K, B1, B2, B6, C\u306a\u3069\u3001\u3068\u3063\u3066\u3082\u8c4a\u5bcc\uff01<\/p>\n\n\n\n<p>\u598a\u5a66\u3055\u3093\u306b\u3082\u5b09\u3057\u3044\u98df\u6750\u3067\u3059\u304c\u3001\u8abf\u3079\u3066\u307f\u308b\u3068\u3001\u30eb\u30d0\u30fc\u30d6\u306e\u5143\u3067\u3042\u308b\u30c0\u30a4\u30aa\u30a6\uff08\u5927\u9ec4\uff09\u306b\u306f\u3001\u5b50\u5bae\u3092\u53ce\u7e2e\u3055\u305b\u308b\u4f5c\u7528\u304c\u3042\u308b\u305f\u3081\u3001\u907f\u3051\u305f\u307b\u3046\u304c\u3044\u3044\u3068\u66f8\u3044\u3066\u3042\u308b\u3053\u3068\u3082\u3002\u6388\u4e73\u4e2d\u3082\u30eb\u30d0\u30fc\u30d6\u306e\u6210\u5206\u304c\u6bcd\u4e73\u306b\u6df7\u3056\u308b\u3068\u4e73\u5150\u304c\u4e0b\u75e2\u3092\u8d77\u3053\u3059\u306e\u3067\u3001\u63a7\u3048\u308b\u307b\u3046\u304c\u3044\u3044\u307f\u305f\u3044\u3067\u3059\u3088\u301c\u3002<\/p>\n\n\n\n<p>\u671f\u5f85\u3067\u304d\u308b\u52b9\u679c\u3084\u52b9\u80fd\u306f\u3001<br>\u30fb\u3080\u304f\u307f\u89e3\u6d88\u3001\u30c7\u30c8\u30c3\u30af\u30b9\u52b9\u679c<br>\u30fb\u6b6f\u3084\u9aa8\u3092\u5f37\u304f\u3059\u308b<br>\u30fb\u7cd6\u3084\u30b3\u30ec\u30b9\u30c6\u30ed\u30fc\u30eb\u3092\u6291\u3048\u308b<br>\u30fb\u30b9\u30c8\u30ec\u30b9\u8efd\u6e1b\u3001\u514d\u75ab\u529b\u30a2\u30c3\u30d7<br>\u30fb\u5f37\u3044\u6297\u9178\u5316\u4f5c\u7528\u3067\u3001\u30a2\u30f3\u30c1\u30a8\u30a4\u30b8\u30f3\u30b0\u304c\u671f\u5f85\u3067\u304d\u308b<br>\u30fb\u8996\u529b\u306e\u56de\u5fa9\u3001\u773c\u75c5\u4e88\u9632\u3001\u773c\u7cbe\u75b2\u52b4\u306e\u56de\u5fa9<\/p>\n\n\n\n<p>\u4eca\u56de\u306f\u3001\u7f8e\u5473\u3057\u304f\u98df\u3079\u3089\u308c\u308b\u30eb\u30d0\u30fc\u30d6\u306e\u30af\u30e9\u30f3\u30d6\u30eb\u30b1\u30fc\u30ad\u3092\u3054\u7d39\u4ecb\u3057\u307e\u3059\uff01\u307e\u305a\u306f\u6750\u6599\u304b\u3089<\/p>\n\n\n\n<table width=\"\" border=\"0\" cellpadding=\"10\" bordercolor=\"\">\n<tbody><tr>\n<td valign=\"top\" width=\"300\" bgcolor=\"#D2DBF8\"><small>\n<b>24cm\u30b1\u30fc\u30ad\u578b 1\u53f0\u5206<\/b><br>\n* \u30d0\u30bf\u30fc\u3000100g<br>\n* \u7802\u7cd6\u300075g<br>\n* \u8584\u529b\u7c89\u3000150g\uff08Dortov\u00e1\u3084Hladk\u00e1\u3067\u3082OK\uff09<br>\n* \u7247\u6817\u7c89\u300050g<br>\n* \u30d0\u30cb\u30e9\u30b7\u30e5\u30ac\u30fc\u3000\u5927\u3055\u30581(\u306a\u3051\u308c\u3070\u30d0\u30cb\u30e9\u30a8\u30c3\u30bb\u30f3\u30b93\u6ef4)<br>\n* \u5869\u30002\u3064\u307e\u307f<br>\n* \u5375\u30002\u500b<br>\n* \u30eb\u30d0\u30fc\u30d6\u3000500g<br>\n* \u7247\u6817\u7c89\u3000\u5927\u3055\u30582<\/b><br><\/small>\n<\/td><td valign=\"top\"><small>\n<b>\u30af\u30e9\u30f3\u30d6\u30eb<\/b><br>\n* \u30ad\u30d3\u7cd6\u300050g<br>\n* \u30d0\u30bf\u30fc\u300075g<br>\n* \u8584\u529b\u7c89\u3000100g\uff08Dortov\u00e1\u3084Hladk\u00e1\u3067\u3082OK\uff09\n<\/small>\n<\/td><\/tr><\/tbody><\/table>\n\n\n\n<p><strong>\u6e96\u5099<\/strong><br>\u30aa\u30fc\u30d6\u30f3\u3092180\u2103\u306b\u4e88\u71b1\u3059\u308b<br>\u30eb\u30d0\u30fc\u30d6\u306f\u3088\u304f\u6d17\u3063\u3066\u8449\u3063\u3071\u3092\u5207\u308a\u843d\u3068\u3057\u30012\u339d\u5e45\u7a0b\u5ea6\u306b\u5207\u308b\u3002\u6c34\u306b10\u5206\u7a0b\u5ea6\u3055\u3089\u3057\u3001\u6c34\u6c17\u3092\u3088\u304f\u62ed\u304d\u3068\u308b\u3002<\/p>\n\n\n\n<figure class=\"wp-block-image size-large\"><img loading=\"lazy\" decoding=\"async\" width=\"1024\" height=\"512\" src=\"http:\/\/papaya.oops.jp\/i\/wp-content\/uploads\/2021\/05\/57f2-1024x512.jpg\" alt=\"\" class=\"wp-image-2027\" srcset=\"http:\/\/papaya.oops.jp\/i\/wp-content\/uploads\/2021\/05\/57f2-1024x512.jpg 1024w, http:\/\/papaya.oops.jp\/i\/wp-content\/uploads\/2021\/05\/57f2-300x150.jpg 300w, http:\/\/papaya.oops.jp\/i\/wp-content\/uploads\/2021\/05\/57f2-768x384.jpg 768w, http:\/\/papaya.oops.jp\/i\/wp-content\/uploads\/2021\/05\/57f2.jpg 1040w\" sizes=\"(max-width: 1024px) 100vw, 1024px\" \/><\/figure>\n\n\n\n<p><strong>\u30b1\u30fc\u30ad\u751f\u5730<\/strong><br>\u2460\u30d0\u30bf\u30fc\u3092\u30dc\u30a6\u30eb\u306b\u5165\u308c\u3001\u6ce1\u3060\u3066\u5668\u3067\u767d\u3063\u307d\u304f\u306a\u308b\u307e\u3067\u6df7\u305c\u3002\u7802\u7cd6\u3092\u52a0\u3048\u3066\u6df7\u305c\u308b\u3002<br>\u2461\u5225\u306e\u5bb9\u5668\u306b\u5375\u3092\u3088\u304f\u6eb6\u304d\u30014\u56de\u306b\u5206\u3051\u3066\u305d\u306e\u90fd\u5ea6\u3088\u304f\u6ce1\u3060\u3066\u5668\u3067\u6df7\u305c\u306a\u304c\u3089\u52a0\u3048\u308b\u3002<br>\u2462\u8584\u529b\u7c89\u3001\u7247\u6817\u7c89\u3001\u30d0\u30cb\u30e9\u30b7\u30e5\u30ac\u30fc\u3092\u3075\u308b\u3044\u5165\u308c\u3002\u5869\u3092\u52a0\u3048\u3002\u30b4\u30e0\u30d9\u30e9\u306b\u6301\u3061\u304b\u3048\u3066\u3055\u3063\u304f\u308a\u3068\u6df7\u305c\u308b\u3002<\/p>\n\n\n\n<p><strong>\u30af\u30e9\u30f3\u30d6\u30eb\u4f5c\u308a<\/strong><br>\u2463\u51b7\u3048\u305f\u30d0\u30bf\u30fc\u30921\u339d\u89d2\u306b\u5207\u308a\u3001\u30dc\u30a6\u30eb\u306b\u5165\u308c\u3002\u30ad\u30d3\u7cd6\u3068\u8584\u529b\u7c89\u3092\u52a0\u3048\u3066\u6307\u3067\u7e12(\u3088)\u308b\u3088\u3046\u306b\u3057\u3066\u30d0\u30bf\u30fc\u3068\u6df7\u305c\u5408\u308f\u305b\u3001\u307d\u308d\u307d\u308d\u306e\u7802\u72b6\u306b\u3059\u308b\u3002<\/p>\n\n\n\n<figure class=\"wp-block-image size-large\"><img loading=\"lazy\" decoding=\"async\" width=\"1024\" height=\"512\" src=\"http:\/\/papaya.oops.jp\/i\/wp-content\/uploads\/2021\/05\/57f3-1024x512.jpg\" alt=\"\" class=\"wp-image-2033\" srcset=\"http:\/\/papaya.oops.jp\/i\/wp-content\/uploads\/2021\/05\/57f3-1024x512.jpg 1024w, http:\/\/papaya.oops.jp\/i\/wp-content\/uploads\/2021\/05\/57f3-300x150.jpg 300w, http:\/\/papaya.oops.jp\/i\/wp-content\/uploads\/2021\/05\/57f3-768x384.jpg 768w, http:\/\/papaya.oops.jp\/i\/wp-content\/uploads\/2021\/05\/57f3.jpg 1040w\" sizes=\"(max-width: 1024px) 100vw, 1024px\" \/><\/figure>\n\n\n\n<p>\u3053\u3053\u3067\u2464\u6c34\u6c17\u3092\u5207\u3063\u305f\u30eb\u30d0\u30fc\u30d6\u306b\u7247\u6817\u7c89\u3092\u307e\u3076\u3059\u3002<\/p>\n\n\n\n<p>\u2465\u578b\u306b\u30d0\u30bf\u30fc\u3092\u8584\u304f\u5857\u308a\u30b1\u30fc\u30ad\u751f\u5730\u306b\u6d41\u3057\u8fbc\u307f\u8868\u9762\u3092\u306a\u3089\u3057\u3002<br>\u7247\u6817\u7c89\u3092\u307e\u3076\u3057\u305f\u30eb\u30d0\u30fc\u30d6\u3092\u305d\u306e\u4e0a\u306b\u306a\u308b\u3079\u304f\u91cd\u306a\u3089\u306a\u3044\u3088\u3046\u306b\u4e26\u3079\u3002<br>\u66f4\u306b\u305d\u306e\u4e0a\u306b\u30af\u30e9\u30f3\u30d6\u30eb\u3092\u307e\u3093\u3079\u3093\u306a\u304f\u4e57\u305b\u308b\u3002<\/p>\n\n\n\n<figure class=\"wp-block-image size-large\"><img loading=\"lazy\" decoding=\"async\" width=\"1024\" height=\"512\" src=\"http:\/\/papaya.oops.jp\/i\/wp-content\/uploads\/2021\/05\/57f4-1024x512.jpg\" alt=\"\" class=\"wp-image-2028\" srcset=\"http:\/\/papaya.oops.jp\/i\/wp-content\/uploads\/2021\/05\/57f4-1024x512.jpg 1024w, http:\/\/papaya.oops.jp\/i\/wp-content\/uploads\/2021\/05\/57f4-300x150.jpg 300w, http:\/\/papaya.oops.jp\/i\/wp-content\/uploads\/2021\/05\/57f4-768x384.jpg 768w, http:\/\/papaya.oops.jp\/i\/wp-content\/uploads\/2021\/05\/57f4.jpg 1040w\" sizes=\"(max-width: 1024px) 100vw, 1024px\" \/><\/figure>\n\n\n\n<p>\u2466\u30aa\u30fc\u30d6\u30f3\u306750\uff5e60\u5206\u713c\u304f\u3002<br>\u9014\u4e2d\u3067\u8868\u9762\u304c\u7126\u3052\u305d\u3046\u306a\u5834\u5408\u306f\u30a2\u30eb\u30df\u30db\u30a4\u30eb\u3092\u304b\u3076\u305b\u3002<br>\u722a\u694a\u679d\u306a\u3069\u3092\u4e2d\u592e\u306b\u3055\u3057\u3001\u6c34\u3063\u307d\u3044\u751f\u5730\u304c\u3064\u3044\u3066\u3053\u306a\u3051\u308c\u3070\u300c\u30eb\u30d0\u30fc\u30d6\u306e\u30af\u30e9\u30f3\u30d6\u30eb\u30b1\u30fc\u30ad\u300d\u306e\u5b8c\u6210\uff01<br>\u6c34\u3063\u307d\u3044\u751f\u5730\u304c\u3064\u3044\u3066\u304f\u308b\u5834\u5408\u306f5\uff5e10\u5206\u7a0b\u5ea6\u3055\u3089\u306b\u713c\u3044\u3066\u304f\u3060\u3055\u3044<\/p>\n\n\n\n<figure class=\"wp-block-image size-large is-resized\"><img loading=\"lazy\" decoding=\"async\" src=\"http:\/\/papaya.oops.jp\/i\/wp-content\/uploads\/2021\/05\/57f5-1024x512.jpg\" alt=\"\" class=\"wp-image-2034\" width=\"1024\" height=\"512\" srcset=\"http:\/\/papaya.oops.jp\/i\/wp-content\/uploads\/2021\/05\/57f5-1024x512.jpg 1024w, http:\/\/papaya.oops.jp\/i\/wp-content\/uploads\/2021\/05\/57f5-300x150.jpg 300w, http:\/\/papaya.oops.jp\/i\/wp-content\/uploads\/2021\/05\/57f5-768x384.jpg 768w, http:\/\/papaya.oops.jp\/i\/wp-content\/uploads\/2021\/05\/57f5.jpg 1040w\" sizes=\"(max-width: 1024px) 100vw, 1024px\" \/><\/figure>\n\n\n\n<div class=\"balloon\">\n<figure class=\"balloon-image-left\"><img decoding=\"async\" class=\"size-full wp-image-714 alignnone\" src=\"http:\/\/papaya.oops.jp\/18\/wp-content\/uploads\/hr.svg\" alt=\"\"><figcaption class=\"balloon-image-description\"><\/figcaption><\/figure>\n<div class=\"balloon-text-right\"><b>TIPS<\/b><\/div>\n<\/div>\n\n\n\n<p>\u30fb\u9178\u5473\u304c\u5f37\u3044\u306e\u3067\u3001\u6c34\u6c17\u3092\u5207\u3063\u305f\u30eb\u30d0\u30fc\u30d6\u306b\u304a\u7802\u7cd6\uff08\u5927\u3055\u3058\uff11\u304f\u3089\u3044\uff09\u3092\u307e\u3076\u3057\u3066\u3082\u3044\u3044\u3067\u3059\u3002<br>\u30fb\u751f\u5730\u306b\u5bfe\u3057\u3066\u3001\u30eb\u30d0\u30fc\u30d6\u306e\u91cf\u304c\u591a\u304f\u611f\u3058\u307e\u3059\u304c\u3001\u5fc3\u914d\u3057\u306a\u304f\u3066\u5927\u4e08\u592b\u3067\u3059\uff01<br>\u30fb\u30af\u30e9\u30f3\u30d6\u30eb\u3092\u4f5c\u308b\u306e\u304c\u9762\u5012\u306a\u65b9\u306f\u3001\u7701\u3044\u305f\u308a\u3001\u30eb\u30d0\u30fc\u30d6\u3092\u751f\u5730\u306b\u6df7\u305c\u8fbc\u3080\u306e\u3082\u30a2\u30ea\u3067\u3059\u304c\u3001\u30af\u30e9\u30f3\u30d6\u30eb\u306e\u30b5\u30af\u30b5\u30af\u304c\u3068\u3063\u3066\u3082\u7f8e\u5473\u3057\u3044\u306e\u3067\u3001\u305c\u3072\u8a66\u3057\u3066\u307f\u3066\u304f\u3060\u3055\u3044\uff01\uff08\u30af\u30e9\u30f3\u30d6\u30eb\u3060\u3051\u6ca2\u5c71\u4f5c\u3063\u3066\u304a\u3044\u3066\u3001\u51b7\u51cd\u3082\u53ef\u80fd\uff01\uff09<br>\u30fb\u30eb\u30d0\u30fc\u30d6\u3092\u3044\u3061\u3054\u306a\u3069\u306b\u5909\u3048\u3066\u3082\u3001\u697d\u3057\u3044\u3067\u3059\u266a(\u5199\u771f\u3082\u3072\u308d\u3061\u3083\u3093)<\/p>\n\n\n\n<blockquote class=\"wp-block-quote\"><p><strong>Ahoj!\u304b\u3089\u30c1\u30a7\u30b3\u8a9e\u3067\u306a\u3093\u3066\u3044\u3046\u306e\uff1f<\/strong><br>\u30eb\u30d0\u30fc\u30d6 rebarbora \u30ec\u30d0\u30eb\u30dc\u30e9<br>\u7247\u6817\u7c89 \u0161krob \u30b7\u30e5\u30af\u30ed\u30d6\u3002\u30b8\u30e3\u30ac\u30a4\u30e2\u306e Bramborov\u00fd\u3001\u30c8\u30a6\u30e2\u30ed\u30b3\u30b7\u306e kuku\u0159i\u010dn\u00fd<br>\u30d0\u30cb\u30e9\u30b7\u30e5\u30ac\u30fc vanilkov\u00fd cukr<br>\u304d\u3073\u7cd6 t\u0159tinov\u00fd cukr<\/p><\/blockquote>\n\n\n\n<p>\u2191\u3053\u3093\u306a\u611f\u3058\u306b<strong>\u77e5\u3063\u3066\u3044\u308b\u3068\u5b09\u3057\u3044\u30c1\u30a7\u30b3\u8a9e<\/strong>\u3092\u6bce\u65e5\u3072\u3068\u3064\u304a\u77e5\u3089\u305b\u3059\u308b<a href=\"https:\/\/twitter.com\/Praha_cz\">Ahoj!\u30c4\u30a4\u30c3\u30bf\u30fc\u306f\u3053\u3061\u3089<\/a><\/p>\n\n\n\n<p>\u8a18\u4e8b\u304c\u6c17\u306b\u5165\u3063\u305f\u3089\u3044\u3044\u306d&#x2764;&#xfe0f; <\/p>\n","protected":false},"excerpt":{"rendered":"<p>\u3072\u308d\u3061\u3083\u3093\u306e \u65ec\u306e\u30eb\u30d0\u30fc\u30d6\u3092\u4f7f\u3063\u3066 \u30b9\u30fc\u30d1\u30fc\u3084\u30de\u30fc\u30b1\u30c3\u30c8\u3067\u898b\u304b\u3051\u308b\u30eb\u30d0\u30fc\u30d6\u3002\u7f8e\u5473\u3057\u304f\u98df\u3079\u3089\u308c\u308b\u306e\u306f\u3001<a class=\"more-link\" href=\"http:\/\/papaya.oops.jp\/i\/57f\">[\u7d9a\u304d\u3092\u8aad\u3080]<\/a><\/p>\n","protected":false},"author":1,"featured_media":0,"parent":0,"menu_order":0,"comment_status":"closed","ping_status":"closed","template":"","meta":{"footnotes":""},"_links":{"self":[{"href":"http:\/\/papaya.oops.jp\/i\/wp-json\/wp\/v2\/pages\/2017"}],"collection":[{"href":"http:\/\/papaya.oops.jp\/i\/wp-json\/wp\/v2\/pages"}],"about":[{"href":"http:\/\/papaya.oops.jp\/i\/wp-json\/wp\/v2\/types\/page"}],"author":[{"embeddable":true,"href":"http:\/\/papaya.oops.jp\/i\/wp-json\/wp\/v2\/users\/1"}],"replies":[{"embeddable":true,"href":"http:\/\/papaya.oops.jp\/i\/wp-json\/wp\/v2\/comments?post=2017"}],"version-history":[{"count":14,"href":"http:\/\/papaya.oops.jp\/i\/wp-json\/wp\/v2\/pages\/2017\/revisions"}],"predecessor-version":[{"id":2047,"href":"http:\/\/papaya.oops.jp\/i\/wp-json\/wp\/v2\/pages\/2017\/revisions\/2047"}],"wp:attachment":[{"href":"http:\/\/papaya.oops.jp\/i\/wp-json\/wp\/v2\/media?parent=2017"}],"curies":[{"name":"wp","href":"https:\/\/api.w.org\/{rel}","templated":true}]}}