{"id":3505,"date":"2022-03-28T05:09:36","date_gmt":"2022-03-28T03:09:36","guid":{"rendered":"http:\/\/papaya.oops.jp\/i\/?page_id=3505"},"modified":"2022-04-10T07:05:22","modified_gmt":"2022-04-10T05:05:22","slug":"67a","status":"publish","type":"page","link":"http:\/\/papaya.oops.jp\/i\/67a","title":{"rendered":""},"content":{"rendered":"\n<p class=\"has-medium-font-size\"><strong>\u3042\u3093\u3053\u304c\u306a\u3051\u308c\u3070\u30de\u30fc\u30af\u304c\u3042\u308b\u3055<\/strong><\/p>\n\n\n\n<p class=\"has-drop-cap\" id=\"3a65c88e-1051-4252-bfef-688f316efccb\"><strong>m\u00e1k \u30de\u30fc\u30af<\/strong><br>\u30c1\u30a7\u30b3\u8a9e\u3067\u3051\u3057\u306e\u5b9f\u3001\u30dd\u30d4\u30fc\u30b7\u30fc\u30c9\u306e\u3053\u3068\u3002<br>\u306a\u3093\u3068\uff01\u30c1\u30a7\u30b3\u306f\u98df\u7528\u306e\u3051\u3057 \u010desky modr\u00fd poppy  \u30c1\u30a7\u30b3\u30d6\u30eb\u30fc\u30dd\u30d4\u30fc\u7a2e\u306e\u5408\u6cd5\u683d\u57f9\u304c\u8a31\u53ef\u3055\u308c\u305f\u56fd\u3067\u3001\u751f\u7523\u8f38\u51fa\u5171\u306b\u4e16\u754c\u4e00\uff01\u3044\u308d\u3093\u306a\u7a2e\u985e\u306e\u3051\u3057\u306e\u5b9f\u306e\u304a\u83d3\u5b50\u304c\u3042\u308a\u307e\u3059\u3002\u305d\u308c\u306a\u306e\u306b\u3082\u95a2\u308f\u3089\u305a\u3001\u308f\u305f\u3057\u306f\u6700\u521d\u306e\u51fa\u4f1a\u3044\u3067\u5931\u6557\u3057\u3066\u3057\u307e\u3063\u3066\u3044\u3066\u2026\u306a\u306b\u304b\u306e\u304a\u795d\u3044\u306e\u5e2d\u3067\u3001\u30d7\u30ec\u30fc\u30c8\u306b\u4e26\u3093\u3060\u30ad\u30e3\u30d3\u30a2\u306e\u30aa\u30fc\u30c9\u30d6\u30eb\u3092\u98df\u3079\u305f\u3064\u3082\u308a\u304c\u3001\u5b9f\u306f\u305d\u308c\u306f\u7518\u304f\u716e\u8a70\u3081\u305f\u30de\u30fc\u30af\u306e\u30d1\u30a4\u3002\u3057\u3087\u3063\u3071\u3044\u3068\u601d\u3063\u3066\u98df\u3079\u305f\u3082\u306e\u304c\u7518\u304b\u3063\u305f\u306e\u3067\u9a5a\u3044\u3066\u3001\u4ee5\u5f8c\u306f\u3053\u306e\u9ed2\u304f\u3066\u7518\u3044\u3064\u3076\u3064\u3076\u3057\u305f\u3082\u306e\u306e\u306e\u3063\u305f\u304a\u83d3\u5b50\u3092\u3069\u3046\u3082\u5026\u53ad\u3057\u3066\u3057\u307e\u3063\u3066\u3044\u305f\u306e\u3067\u3057\u305f\u3002<\/p>\n\n\n\n<figure class=\"wp-block-image size-large is-resized\"><img loading=\"lazy\" decoding=\"async\" src=\"http:\/\/papaya.oops.jp\/i\/wp-content\/uploads\/2022\/04\/67a3-1024x512.jpg\" alt=\"\" class=\"wp-image-3566\" width=\"1024\" height=\"512\" srcset=\"http:\/\/papaya.oops.jp\/i\/wp-content\/uploads\/2022\/04\/67a3-1024x512.jpg 1024w, http:\/\/papaya.oops.jp\/i\/wp-content\/uploads\/2022\/04\/67a3-300x150.jpg 300w, http:\/\/papaya.oops.jp\/i\/wp-content\/uploads\/2022\/04\/67a3-768x384.jpg 768w, http:\/\/papaya.oops.jp\/i\/wp-content\/uploads\/2022\/04\/67a3.jpg 1040w\" sizes=\"(max-width: 1024px) 100vw, 1024px\" \/><figcaption><center><small>\u30d6\u30d5\u30c6\u30a3\u3001\u30b3\u30e9\u30fc\u30c1\u3001\u30de\u30b3\u30f4\u30a7\u30c3\u30c4\u3002\u3088\u304f\u898b\u308b\u30de\u30fc\u30af\u306e\u304a\u83d3\u5b50\u3001\u30d1\u30f3\u5c4b\u3055\u3093\u306b\u3042\u308b<\/small><\/center><\/figcaption><\/figure>\n\n\n\n<p id=\"74f1a734-69cb-4d9a-953a-9c8a7a0b0b2b\">\u305d\u3093\u306a\u9811\u306a\u306a\u601d\u3044\u3092\u548c\u307e\u305b\u3066\u304f\u308c\u305f\u306e\u306f\u3001\u99d0\u5728\u66a6\u306e\u9577\u3044\u65e5\u672c\u306e\u65b9\u306e\u3053\u3093\u306a\u8a00\u8449\u3060\u3063\u305f\u300c\u3042\u3089\u3001\u3042\u306e\u3064\u3076\u3064\u3076\u3057\u305f\u3084\u3064\u3067\u3057\u3087\u3046\uff1f\u3061\u3087\u3063\u3068\u3042\u3093\u3053\u307f\u305f\u3044\u3067\u7f8e\u5473\u3057\u3044\u3067\u3059\u3088\u306d\u300d<br><br><strong>\u3061\u3087\u3063\u3068\u3042\u3093\u3053\u307f\u305f\u3044\uff1f<\/strong><\/p>\n\n\n\n<p id=\"1394b27c-c602-423a-a706-ed31f38bce74\">\u305d\u308c\u306f\u805e\u304d\u6368\u3066\u306a\u3089\u306a\u3044\u3002\u3072\u3087\u3063\u3068\u3057\u3066\u81ea\u5206\u306f\u305f\u3044\u3078\u3093\u306b\u304a\u640d\u306a\u30c1\u30a7\u30b3\u751f\u6d3b\u3092\u9001\u3063\u3066\u304d\u3066\u3057\u307e\u3063\u305f\u306e\u3067\u306f\u306a\u3044\u3060\u308d\u3046\u304b\uff1f\u305d\u3053\u3067\u614c\u3066\u3066\u3001\u7c73\u7c89\u3067\u56e3\u5b50\u3092\u3064\u304f\u308a\u3001\u30de\u30fc\u30af\u3092\u64c2(\u3059)\u3063\u3066\u7802\u7cd6\u3068\u6df7\u305c\u3066\u3075\u308a\u304b\u3051\u3066\u98df\u3079\u308c\u3070\u3001\u3042\u3089\u3084\u3060\u3001\u7f8e\u5473\u3057\u3044\u3002\u304d\u306a\u7c89\u3084\u9ed2\u3054\u307e\u3063\u307d\u304f\u3082\u3042\u308a\u3001\u548c\u83d3\u5b50\u306b\u3082\u5408\u3046\u3067\u306f\u306a\u3044\u304b\u3002<\/p>\n\n\n\n<p id=\"d12c912e-53d6-48ee-9753-34f9ee94c3ed\">\u4e00\u7dd2\u306b\u98df\u3079\u305f\u30c1\u30a7\u30b3\u4eba\u306e\u592b\u3082\u6c17\u306b\u5165\u3063\u305f\u69d8\u5b50\u3067\u3001\u300c\u305d\u3046\u3044\u3048\u3070\u540c\u3058\u98df\u3079\u65b9\u3067\u3001\u6614\u304a\u3070\u3042\u3061\u3083\u3093\u304c\u3088\u304f\u4f5c\u3063\u3066\u304f\u308c\u305f\u30c7\u30b6\u30fc\u30c8\u304c\u3042\u308b\u300d\u3001\u305d\u308c\u306f\u30db\u30af\u30db\u30af\u306e\u3058\u3083\u304c\u3044\u3082\u56e3\u5b50\u306b\u30de\u30fc\u30af\u3092\u304b\u3051\u305f\u30c7\u30b6\u30fc\u30c8 \u0160kub\u00e1nky s m\u00e1kem \u30b7\u30e5\u30af\u30d0\u30fc\u30f3\u30ad\u30a4\u3068\u8a00\u3046\u305d\u3046\u306a\u3002\u805e\u304f\u3060\u306b\u7f8e\u5473\u3057\u305d\u3046\u306a\u306e\u3067\u3001\u592b\u306e\u5b50\u4f9b\u306e\u9803\u306e\u8a18\u61b6\u3092\u305f\u3088\u308a\u306b\u3001\u30cd\u30c3\u30c8\u52d5\u753b\u5148\u751f\u306b\u3082\u304a\u4e16\u8a71\u306b\u306a\u3063\u3066\u4f5c\u3063\u3066\u307f\u308c\u3070\u3001\u610f\u5916\u3068\u7c21\u5358\u306b\u518d\u73fe\u3067\u304d\u3001\u300c\u3053\u308c\uff01\u3053\u308c\u3060\u3088\uff01\u7f8e\u5473\u3057\u3044\u3044\u3043\u3043\u3043\uff01\u300d\u306e\u304a\u58a8\u4ed8\u304d\u3082\u51fa\u3066\u304a\u308a\u307e\u3059\u306e\u3067\u3001\u65e9\u901f\u3067\u3059\u304c\u4f5c\u308a\u65b9\u306a\u3069\u2026<\/p>\n\n\n\n<figure class=\"wp-block-image size-large is-resized is-style-rounded\"><img loading=\"lazy\" decoding=\"async\" src=\"http:\/\/papaya.oops.jp\/i\/wp-content\/uploads\/2022\/04\/67a1-1024x512.jpg\" alt=\"\" class=\"wp-image-3565\" width=\"1024\" height=\"512\" srcset=\"http:\/\/papaya.oops.jp\/i\/wp-content\/uploads\/2022\/04\/67a1-1024x512.jpg 1024w, http:\/\/papaya.oops.jp\/i\/wp-content\/uploads\/2022\/04\/67a1-300x150.jpg 300w, http:\/\/papaya.oops.jp\/i\/wp-content\/uploads\/2022\/04\/67a1-768x384.jpg 768w, http:\/\/papaya.oops.jp\/i\/wp-content\/uploads\/2022\/04\/67a1.jpg 1040w\" sizes=\"(max-width: 1024px) 100vw, 1024px\" \/><figcaption><center><small>\u30de\u30fc\u30af(\u4e2d\u592e)\u306f\u901a\u5e38\u64c2\u3063\u3066\u4f7f\u3046\u3002\u64c2\u3063\u305f\u3082\u306e\u3082\u58f2\u3063\u3066\u3044\u308b\u3051\u3069\u3001\u64c2\u308a\u305f\u3066\u306e\u65b9\u304c\u65ad\u7136\u9999\u308a\u304c\u826f\u3044\u3002\u6700\u521d\u306f\u3059\u308a\u9262\u3067\u3084\u3063\u3066\u3044\u305f\u304c\u3001\u983b\u7e41\u306b\u98df\u3079\u308b\u3088\u3046\u306b\u306a\u3063\u305f\u306e\u3067\u30d6\u30ec\u30f3\u30c0\u30fc\u3092\u8cb7\u3044\u307e\u3057\u305f<\/small><\/center><\/figcaption><\/figure>\n\n\n\n<p class=\"has-text-color\" id=\"d12c912e-53d6-48ee-9753-34f9ee94c3ed\" style=\"color:#336887\"><strong>\u4e8c\u4eba\u5206\u306e\u4f5c\u308a\u65b9<\/strong>\u3000\u91cf\u306f\u5168\u3066\u52d8\u3067<br>\u2460 \u3058\u3083\u304c\u3044\u3082\u5927\u304d\u3081\u3092\u4e8c\u3064\u3001\u76ae\u3092\u3080\u304d\u3001\u5207\u3063\u3066\u5c0f\u934b\u3067\u716e\u307e\u3059\u3002<br>\u2461 \u706b\u304c\u901a\u3063\u305f\u3089\u3001\u30d5\u30bf\u3067\u62bc\u3055\u3048\u3001\u304a\u6e6f\u3092\u4e09\u5272\u4f4d\u6b8b\u3057\u3066\u6368\u3066\u3001<br>\u2462 \u305d\u3053\u306b\u5c0f\u9ea6\u7c89(\u30c1\u30a7\u30b3\u306a\u3089hladk\u00e1)\u3092\u5168\u4f53\u3092\u8986\u3046\u7a0b\u5ea6\u306b\u3075\u308a\u304b\u3051\u3001<br>\u2463 \u304a\u7bb8\u3084\u6728\u3079\u3089\u306e\u67c4\u306e\u90e8\u5206\u3092\u4f7f\u3063\u3066\u3001\u7c89\u3092\u3001\u3058\u3083\u304c\u3044\u3082\u306e\u9593\u304b\u3089\u3001\u6b8b\u3063\u305f\u304a\u6e6f\u306b\u3082\u89e6\u308b\u3088\u3046\u306b\u843d\u3068\u3057\u8fbc\u307f\u307e\u3059\u3002\u305d\u3057\u3066<br>\u2464 \u518d\u3073\u84cb\u3092\u3057\u3066\u5f31\u706b\u3067\u30b3\u30c8\u30b3\u30c8\u3068\u3001\u5c0f\u9ea6\u7c89\u306b\u900f\u660e\u611f\u304c\u51fa\u3066\u304f\u308b\u307e\u3067\u3001\u5927\u4f53\uff12\uff10\u5206\u4f4d\u3002<br><br>\u305d\u306e\u9593\u306b\u30de\u30fc\u30af\u3092\u64c2\u308a\u3001\u7c89\u7802\u7cd6\u3068\u6df7\u305c\u3001\u304a\u597d\u307f\u3067\u6eb6\u304b\u3057\u30d0\u30bf\u30fc\u3092\u6e96\u5099\u3057\u3001\u30c6\u30fc\u30d6\u30eb\u306b\u304a\u76bf\u3001\u30ca\u30a4\u30d5\u3068\u30d5\u30a9\u30fc\u30af\u3001\u934b\u6577\u304d\u3092\u4e26\u3079\u3002<strong>\u5168\u54e1\u5e2d\u306b\u3064\u3044\u3066\u304a\u304d\u307e\u3057\u3087\u3046<\/strong>\u2190\u3053\u308c\u5927\u4e8b\u3002\u6e96\u5099\u304c\u6574\u3063\u305f\u3089<br><br>\u2465 \u304a\u934b\u306e\u4e2d\u3067\u3058\u3083\u304c\u3044\u3082\u3092\u6f70\u3057\u3001\u934b\u306e\u307e\u307e\u30c6\u30fc\u30d6\u30eb\u306e\u934b\u6577\u306b\u7f6e\u304d\u3001\u4e8c\u3064\u306e\u30b9\u30d7\u30fc\u30f3\u306e\u5148\u3092\u4e0a\u624b\u306b\u4f7f\u3063\u3066\u3001\u3058\u3083\u304c\u3044\u3082\u3092\u30ec\u30e2\u30f3\u306e\u5f62\u306b\u307e\u3068\u3081\u3066\u306f\u305d\u308c\u305e\u308c\u306e\u304a\u76bf\u306b\u306e\u305b\u307e\u3059\u3002\u3082\u3061\u308d\u3093\u51b7\u3081\u306a\u3044\u3088\u3046\u306b\u624b\u65e9\u304f\u3001\u30c1\u30a7\u30b3\u306e babi\u010dka \u30d0\u30d3\u30c1\u30ab \u304a\u3070\u3042\u3061\u3083\u3093\u306b\u306a\u3063\u305f\u6c17\u5206\u3067\u512a\u96c5\u306b\u3002(\u4e8c\u3064\u306e\u30b9\u30d7\u30fc\u30f3\u3067\u751f\u5730\u3092\u30ec\u30e2\u30f3\u578b\u306b\u307e\u3068\u3081\u3066\u3044\u308b\u52d5\u753b\u3082\u30d6\u30ed\u30b0\u306b\u30a2\u30c3\u30d7\u3057\u3066\u304a\u304d\u307e\u3057\u305f\u2192<a href=\"http:\/\/papaya.oops.jp\/18\/?p=5427\">\u3088\u304b\u3063\u305f\u3089\u898b\u3066\u30cd<\/a>)<br><br>\u3042\u3068\u306f\u3001\u5404\u3005\u304c\u304a\u597d\u307f\u3067\u30de\u30fc\u30af\u7802\u7cd6\u3001\u6eb6\u304b\u3057\u30d0\u30bf\u30fc\u3092\u304b\u3051\u3066 Dobrou chu\u0165 !\u00a0 \u30c9\u30d6\u30ed\u30a6\u30d5\u30c3\u30c1\u30e5 \u300c\u3044\u305f\u3060\u304d\u307e\u3059\u300d<\/p>\n\n\n\n<figure class=\"wp-block-image size-large is-resized\"><img loading=\"lazy\" decoding=\"async\" src=\"http:\/\/papaya.oops.jp\/i\/wp-content\/uploads\/2022\/04\/67a22-1024x512.jpg\" alt=\"\" class=\"wp-image-3670\" width=\"1024\" height=\"512\" srcset=\"http:\/\/papaya.oops.jp\/i\/wp-content\/uploads\/2022\/04\/67a22-1024x512.jpg 1024w, http:\/\/papaya.oops.jp\/i\/wp-content\/uploads\/2022\/04\/67a22-300x150.jpg 300w, http:\/\/papaya.oops.jp\/i\/wp-content\/uploads\/2022\/04\/67a22-768x384.jpg 768w, http:\/\/papaya.oops.jp\/i\/wp-content\/uploads\/2022\/04\/67a22.jpg 1040w\" sizes=\"(max-width: 1024px) 100vw, 1024px\" \/><\/figure>\n\n\n\n<p id=\"d12c912e-53d6-48ee-9753-34f9ee94c3ed\"> \u5b9f\u306f\u6b63\u76f4\u306b\u8a00\u3046\u3068\u3001\u6700\u521d\u306f\u5473\u304c\u30b7\u30f3\u30d7\u30eb\u904e\u304e\u3066\u3001\u597d\u304d\u304b\u5acc\u3044\u304b\u3088\u304f\u308f\u304b\u3089\u306a\u304b\u3063\u305f\u3051\u3069\u3001\u3057\u3070\u3089\u304f\u3059\u308b\u3068\u3058\u3093\u308f\u308a\u3068\u307e\u305f\u98df\u3079\u305f\u304f\u306a\u3063\u3066\u3001\u3044\u3064\u306e\u9593\u306b\u304b\u304a\u6c17\u306b\u5165\u308a\u306e\u304a\u3084\u3064\u306b\u306a\u308a\u307e\u3057\u305f\u3002\u305d\u306e\u5f8c\u306f\u30de\u30fc\u30af\u796d\u308a\u304c\u767a\u52d5\u3057\u3001\u30b7\u30ca\u30e2\u30f3\u30ed\u30fc\u30eb\u306e\u30b7\u30ca\u30e2\u30f3\u4ee3\u308f\u308a\u306b\u5dfb\u3044\u3066\u713c\u3044\u305f\u308a\u3001\u304a\u56e3\u5b50\u306b\u304a\u5b9d\u306e\u3088\u3082\u304e\u7c89\u3092\u5165\u308c\u3066\u305d\u308c\u306b\u304b\u3051\u305f\u308a\u3001\u305d\u308c\u304b\u3089<a href=\"http:\/\/papaya.oops.jp\/i\/57f\">\u3072\u308d\u3061\u3083\u3093\u3055\u3093\u306e\u30d1\u30a4<\/a>\u306e\u30ec\u30b7\u30d4\u3067\u30de\u30fc\u30af\u30d1\u30a4\u3092\u4f5c\u3063\u305f\u308a\u2026\u3068\u3001\u3053\u306e\u306a\u3093\u3068\u3082\u30db\u30c3\u3068\u3059\u308b\u3001\u672c\u5f53\u306b\u65e5\u672c\u3067\u3044\u3063\u305f\u3089\u3061\u3087\u3063\u3068\u3042\u3093\u3053\u307f\u305f\u3044\u306a\u5b58\u5728\u306e\u30de\u30fc\u30af\u306e\u865c\u306b\u306a\u308a\u307e\u3057\u305f\u3002(\u5199\u771f\u3068\u30a4\u30e9\u30b9\u30c8\u3082<a href=\"http:\/\/papaya.oops.jp\/i\/67d\/#h\"><strong>\u767a\u884c\u4eba\u3086\u307f\u3053<\/strong><\/a>)<\/p>\n\n\n\n<figure class=\"wp-block-image size-large is-resized\"><img loading=\"lazy\" decoding=\"async\" src=\"http:\/\/papaya.oops.jp\/i\/wp-content\/uploads\/2022\/04\/67a4-1024x512.jpg\" alt=\"\" class=\"wp-image-3568\" width=\"1024\" height=\"512\" srcset=\"http:\/\/papaya.oops.jp\/i\/wp-content\/uploads\/2022\/04\/67a4-1024x512.jpg 1024w, http:\/\/papaya.oops.jp\/i\/wp-content\/uploads\/2022\/04\/67a4-300x150.jpg 300w, http:\/\/papaya.oops.jp\/i\/wp-content\/uploads\/2022\/04\/67a4-768x384.jpg 768w, http:\/\/papaya.oops.jp\/i\/wp-content\/uploads\/2022\/04\/67a4.jpg 1040w\" sizes=\"(max-width: 1024px) 100vw, 1024px\" \/><\/figure>\n\n\n\n<div class=\"balloon\">\n<figure class=\"balloon-image-right\"><img decoding=\"async\" class=\"size-full wp-image-716 alignnone\" src=\"http:\/\/papaya.oops.jp\/18\/wp-content\/uploads\/L_y01.svg\" alt=\"\"><figcaption class=\"balloon-image-description\">\u3086\u307f\u3053<\/figcaption><\/figure>\n<div class=\"balloon-text-left\">\u53ea\u4eca\u30de\u30fc\u30af\u3042\u3093\u3071\u3093\u3092\u753b\u7b56\u4e2d<\/div>\n<\/div>\n\n\n\n<p><strong>Ahoj!\u304b\u3089\u77e5\u3063\u3066\u308b\u3068\u7f8e\u5473\u3057\u3044\u3082\u306e\u306b\u51fa\u4f1a\u3048\u308b\u30c1\u30a7\u30b3\u8a9e<\/strong><br>m\u00e1k \u30de\u30fc\u30af \u3051\u3057\u306e\u5b9f\u3002 \u633d\u3044\u305f\u3082\u306e\u306f mlet\u00fd \u3067\u3001\u633d\u8089\u3001\u30b3\u30fc\u30d2\u30fc\u3001\u9999\u8f9b\u6599\u306a\u3069\u3082\u3053\u306e\u5358\u8a9e\u3092\u4f7f\u3046\u3002\u30ad\u30e3\u30d3\u30a2\u306e\u30aa\u30fc\u30c9\u30d6\u30eb\u3068\u52d8\u9055\u3044\u3057\u3066\u98df\u3079\u305f\u306e\u306f svatebn\u00ed kol\u00e1\u010dky \u7d50\u5a5a\u5f0f\u7528\u306e\u5c0f\u3055\u306a\u30d1\u30a4\u3002\u5c0f\u3055\u3044\u3051\u308c\u3070\u5c0f\u3055\u3044\u7a0b\u559c\u3070\u308c\u308b\u3068\u3044\u3046\u3002\u3053\u3093\u306a\u5358\u8a9e\u304c\u6bce\u65e5\u4e00\u500b\u6d41\u308c\u3066\u304f\u308b<a href=\"https:\/\/twitter.com\/Praha_cz\"><strong>Ahoj!\u306eTwitter\u306f\u3053\u3061\u3089<\/strong><\/a>\u3002\u30de\u30fc\u30af\u3092\u4f7f\u3063\u305f\u304a\u83d3\u5b50\u306e\u30c1\u30a7\u30b3\u8a9e\u3092<a href=\"http:\/\/papaya.oops.jp\/i\/67d\"><strong>\u304a\u307e\u3051\u306e\u30ab\u30ec\u30f3\u30c0\u30fc<\/strong><\/a>\u306b\u3082\u66f8\u304d\u307e\u3057\u305f\u3002<\/p>\n\n\n\n<p>\u3053\u306e\u8a18\u4e8b\u304c\u6c17\u306b\u5165\u3063\u305f\u3089\u305c\u3072&#x2764;&#xfe0f;\u3044\u3044\u306d\u3092\u3002\u3053\u308c\u304c\u308f\u305f\u3057\u306e\u30a8\u30cd\u30eb\u30ae\u30fc\u3002<\/p>\n","protected":false},"excerpt":{"rendered":"<p>\u3042\u3093\u3053\u304c\u306a\u3051\u308c\u3070\u30de\u30fc\u30af\u304c\u3042\u308b\u3055 m\u00e1k \u30de\u30fc\u30af\u30c1\u30a7\u30b3\u8a9e\u3067\u3051\u3057\u306e\u5b9f\u3001\u30dd\u30d4\u30fc\u30b7\u30fc\u30c9\u306e\u3053\u3068\u3002\u306a\u3093\u3068\uff01\u30c1\u30a7\u30b3<a class=\"more-link\" href=\"http:\/\/papaya.oops.jp\/i\/67a\">[\u7d9a\u304d\u3092\u8aad\u3080]<\/a><\/p>\n","protected":false},"author":1,"featured_media":0,"parent":0,"menu_order":0,"comment_status":"closed","ping_status":"closed","template":"","meta":{"footnotes":""},"_links":{"self":[{"href":"http:\/\/papaya.oops.jp\/i\/wp-json\/wp\/v2\/pages\/3505"}],"collection":[{"href":"http:\/\/papaya.oops.jp\/i\/wp-json\/wp\/v2\/pages"}],"about":[{"href":"http:\/\/papaya.oops.jp\/i\/wp-json\/wp\/v2\/types\/page"}],"author":[{"embeddable":true,"href":"http:\/\/papaya.oops.jp\/i\/wp-json\/wp\/v2\/users\/1"}],"replies":[{"embeddable":true,"href":"http:\/\/papaya.oops.jp\/i\/wp-json\/wp\/v2\/comments?post=3505"}],"version-history":[{"count":48,"href":"http:\/\/papaya.oops.jp\/i\/wp-json\/wp\/v2\/pages\/3505\/revisions"}],"predecessor-version":[{"id":3681,"href":"http:\/\/papaya.oops.jp\/i\/wp-json\/wp\/v2\/pages\/3505\/revisions\/3681"}],"wp:attachment":[{"href":"http:\/\/papaya.oops.jp\/i\/wp-json\/wp\/v2\/media?parent=3505"}],"curies":[{"name":"wp","href":"https:\/\/api.w.org\/{rel}","templated":true}]}}